{"id":9,"date":"2024-09-13T17:04:35","date_gmt":"2024-09-13T16:04:35","guid":{"rendered":"https:\/\/restiamouniti.it\/?page_id=9"},"modified":"2024-10-18T10:30:05","modified_gmt":"2024-10-18T09:30:05","slug":"one-page-express-pro","status":"publish","type":"page","link":"https:\/\/restiamouniti.it\/","title":{"rendered":"Front Page"},"content":{"rendered":"<div  data-label=\"Il progetto\" data-id=\"about-image-section-pro\" data-category=\"about\" class=\"about-image-section-pro\" id=\"il-progetto\" style=\"background-color: rgb(255, 255, 255); background-image: none;\" data-ovid=\"ovid-il-progetto-137\"> <div  class=\"\"> <div  class=\"row about-image-gridcol-pro\"> <div  class=\"about-image-textcol-pro\" data-type=\"column\"> <h2  class=\"\"><span  style=\"font-family: &quot;Playfair Display&quot;, arial, helvetica, sans-serif;\"> Restiamo Uniti \u00e8 il progetto di impegno sociale, che ha l\u2019ambizione di porsi come <span  style=\"font-style: italic;\">manifesto della sostenibilit\u00e0<\/span> per le aziende e per il territorio. <\/span><span  id=\"_mce_caret\" data-mce-bogus=\"1\" data-mce-type=\"format-caret\"><span  style=\"font-family: &quot;Playfair Display&quot;, arial, helvetica, sans-serif;\">\ufeff<\/span><\/span><\/h2>  <\/div> <div  data-type=\"column\" class=\"\"> <img  decoding=\"async\" class=\"about-image-img-pro\" src=\"https:\/\/restiamouniti.it\/wp-content\/uploads\/2024\/09\/Restiamo-Uniti-15.10-191-scaled-1.jpg\" alt=\"\"> <\/div> <\/div> <\/div> <\/div><div  id=\"content-4\" style=\"background-color: rgb(246, 246, 246); background-image: none;\" data-label=\"Content\" data-id=\"content-image-right\" data-category=\"content\" class=\"content-right-image-section\" data-ovid=\"ovid-content-4-383\"> <div  class=\"gridContainer\"> <div  class=\"content-right-image-gridcol\"> <div  class=\"content-right-image-textcol dynamic-color\" data-type=\"column\"> <h2  class=\"\"><span  style=\"font-family: &quot;Playfair Display&quot;, arial, helvetica, sans-serif;\">Meno social e pi\u00f9 sport<\/span><\/h2> <p  class=\"large_text\"><span  style=\"font-family: &quot;Playfair Display&quot;, arial, helvetica, sans-serif;\">Nelle scuole del territorio i brand ambassador olimpici a sostegno dell\u2019iniziativa \u201c<span  style=\"font-style: italic;\">Meno social e pi\u00f9 sport<\/span>\u201d, che si pone l\u2019obiettivo di essere una campagna di sensibilizzazione ad un uso pi\u00f9 corretto dei social media, da parte dei pi\u00f9 giovani.<\/span><br ><span  style=\"font-family: &quot;Playfair Display&quot;, arial, helvetica, sans-serif;\">\nPremiati atleti olimpici e prestigiosi club sportivi sono chiamati nella scuola secondaria inferiore e superiore, per testimoniare quanto sia importante apprendere valori come lo spirito di squadra, il supporto al compagno, l\u2019impegno, il sacrificio, la disciplina e la coesione verso un obiettivo comune.<\/span><\/p>  <\/div> <div  class=\"content-right-image-imgcol\" data-type=\"column\"> <img  decoding=\"async\" src=\"https:\/\/restiamouniti.it\/wp-content\/uploads\/2024\/09\/Restiamo-Uniti-15.10-227-scaled-1.jpg\" class=\"\" alt=\"\"> <\/div> <\/div> <\/div> <\/div><div  data-label=\"Content\" data-id=\"content-image-left\" data-category=\"content\" class=\"content-left-image-section content-image-left\" id=\"content-3\" style=\"background-color: rgb(255, 255, 255); background-image: none;\" data-ovid=\"ovid-content-3-2384\"> <div  class=\"gridContainer\"> <div  class=\"row\"> <div  class=\"content-left-image-imgcol\" data-type=\"column\"> <img  decoding=\"async\" src=\"https:\/\/restiamouniti.it\/wp-content\/uploads\/2024\/09\/DSC_0927-scaled-1.jpg\" class=\"\" alt=\"\"> <\/div> <div  class=\"content-left-image-textcol dynamic-color\" data-type=\"column\"> <h2  class=\"\"><span  style=\"font-family: &quot;Playfair Display&quot;, arial, helvetica, sans-serif;\">Summer camp multisport<\/span>&nbsp;<\/h2> <p  class=\"large_text\"><span  style=\"font-family: &quot;Playfair Display&quot;, arial, helvetica, sans-serif;\"> Come negli anni precedenti, anche nell\u2019estate del 2024 il progetto RESTIAMO UNITI ha sostenuto i s<span  style=\"font-style: italic;\">ummer camp multisport<\/span>, con la direzione tecnica di <span  style=\"font-style: italic;\">Simone Buti<\/span> (gi\u00e0 capitano della <span  style=\"font-style: italic;\">Nazionale Italiana di Volley<\/span> e Argento alle <span  style=\"font-style: italic;\">Olimpiadi di Rio 2016<\/span>)<\/span> <\/p>  <\/div> <\/div> <\/div> <\/div><div  data-label=\"Content\" data-id=\"content-image-right-1\" data-category=\"content\" class=\"content-right-image-section content-image-right-1\" id=\"content-1\" style=\"background-color: rgb(246, 246, 246); background-image: none;\" data-ovid=\"ovid-content-1-2039\"> <div  class=\"gridContainer\"> <div  class=\"content-right-image-gridcol\"> <div  class=\"content-right-image-textcol dynamic-color\" data-type=\"column\"> <h2  class=\"\"><span  style=\"font-family: &quot;Playfair Display&quot;, arial, helvetica, sans-serif;\">United We Stand<\/span><\/h2> <p  class=\"large_text\"><span  style=\"font-family: &quot;Playfair Display&quot;, arial, helvetica, sans-serif;\"> Con il brano <span  style=\"font-style: italic;\">United We Stand<\/span>, incluso come bonus track nell\u2019album <span  style=\"font-style: italic;\">Equilibrium<\/span>, i <span  style=\"font-style: italic;\">Planethard<\/span>&nbsp;scendono in campo per diventare ambassadors del programma RESTIAMO UNITI. Alberto, Marco, Andrea e Stefano hanno portato il brano in tour per l\u2019Italia, in apertura dei concerti dei leggendari <span  style=\"font-style: italic;\">Deep Purple<\/span>.<\/span><\/p>  <a href=\"https:\/\/www.planethard.it\" class=\"\" target=\"_blank\" rel=\"noopener\">Planethard<\/a><\/div> <div  class=\"content-right-image-imgcol\" data-type=\"column\"> <img  decoding=\"async\" src=\"https:\/\/restiamouniti.it\/wp-content\/uploads\/2024\/09\/united-we-stand.jpeg\" class=\"\" alt=\"\"> <\/div> <\/div> <\/div> <\/div><div  data-label=\"Numbers\" data-id=\"numbers-section\" data-category=\"numbers\" data-bg=\"transparent\" class=\"numbers-section\" data-parallax-depth=\"20\" id=\"numbers\" style=\"background-image: none; background-color: rgb(0, 96, 137);\" data-ovid=\"ovid-numbers-137\"> <div  class=\"gridContainer dynamic-color\"> <div  class=\"numbers-itemcol\"> <h2  class=\"numbers-numbertext\">5<\/h2> <h3  class=\"numbers-titletext\">ANNI DI ATTIVIT\u00c0<\/h3> <\/div> <div  class=\"numbers-itemcol\"> <h2  class=\"numbers-numbertext\">15<\/h2> <h3  class=\"numbers-titletext\">AMMINISTRAZIONI<\/h3> <\/div> <div  class=\"numbers-itemcol-last\"> <h2  class=\"numbers-numbertext\">57<\/h2> <h3  class=\"numbers-titletext\">AZIENDE<\/h3> <\/div> <\/div><\/div><div  data-label=\"Believers\" data-id=\"clients-grid-section\" data-category=\"clients\" class=\"clients-grid-section\" id=\"believers\" style=\"background-color: rgb(255, 255, 255); background-image: none;\" data-ovid=\"ovid-believers-128\"> <div  class=\"\"> <div  class=\"clients-grid-textrow row\" data-type=\"column\"> <div  data-type=\"column\" class=\"clients-grid-textcol dynamic-color\"> <h2  class=\"\"><span  style=\"font-family: &quot;Playfair Display&quot;, arial, helvetica, sans-serif;\">Believers<\/span><\/h2>  <p  class=\"\"><span  style=\"font-family: &quot;Playfair Display&quot;, arial, helvetica, sans-serif; font-weight: 300;\">Non solo aziende di grande prestigio, ma donne e uomini di incomparabile virt\u00f9 supportano con impegno e determinazione il progetto RESTIAMO UNITI. A loro la nostra stima e gratitudine per l\u2019insostituibile contributo al successo di questa iniziativa di valore sociale.<\/span><\/p><\/div> <\/div> <div  class=\"row\" data-type=\"row\" data-add-content=\"false\"> <div  class=\"clients-grid-itemcol cp3cols-tablet cp4cols\"> <div  class=\"middle_align5\"><a href=\"https:\/\/itersegnaletica.com\" rel=\"noopener\" target=\"_blank\" class=\"\"><img  decoding=\"async\" class=\"clients-grid-itemimg\" src=\"https:\/\/restiamouniti.it\/wp-content\/uploads\/2024\/09\/ITER.jpg\"><\/a> <\/div> <\/div> <div  class=\"clients-grid-itemcol cp3cols-tablet cp4cols\"> <div  class=\"middle_align5\"><a href=\"https:\/\/www.intred.it\" rel=\"noopener\" target=\"_blank\" class=\"\"><img  decoding=\"async\" class=\"clients-grid-itemimg\" src=\"https:\/\/restiamouniti.it\/wp-content\/uploads\/2024\/09\/intred.png\"><\/a> <\/div> <\/div> <div  class=\"clients-grid-itemcol cp3cols-tablet cp4cols\"> <div  class=\"middle_align5\"><a href=\"https:\/\/relizont.it\" rel=\"noopener\" target=\"_blank\" class=\"\"><img  decoding=\"async\" class=\"clients-grid-itemimg\" src=\"https:\/\/restiamouniti.it\/wp-content\/uploads\/2024\/09\/Relizont.png\"><\/a> <\/div> <\/div> <div  class=\"clients-grid-itemcol cp3cols-tablet cp4cols\"> <div  class=\"middle_align5\"><a href=\"https:\/\/euroverde.it\" rel=\"noopener\" target=\"_blank\" class=\"\"><img  decoding=\"async\" class=\"clients-grid-itemimg\" src=\"https:\/\/restiamouniti.it\/wp-content\/uploads\/2024\/09\/euroverde.png\"><\/a> <\/div> <\/div> <div  class=\"clients-grid-itemcol cp3cols-tablet cp4cols\"> <div  class=\"middle_align5\"><a href=\"https:\/\/metodica.srl\" rel=\"noopener\" target=\"_blank\" class=\"\"><img  decoding=\"async\" class=\"clients-grid-itemimg\" src=\"https:\/\/restiamouniti.it\/wp-content\/uploads\/2024\/09\/metodica-x-rgb-color-256px.png\"> <\/a><\/div><a href=\"#\" target=\"blank\" class=\"\" rel=\"noopener\"> <\/a><\/div><a href=\"#\" target=\"blank\" rel=\"noopener\"> <\/a><div  class=\"clients-grid-itemcol cp3cols cp3cols-tablet\"><a href=\"#\" target=\"blank\" class=\"\" rel=\"noopener\"> <\/a><div  class=\"middle_align5\"><a href=\"#\" target=\"blank\" rel=\"noopener\"><\/a><a href=\"https:\/\/www.play-lab.it\" rel=\"noopener\" target=\"_blank\" class=\"\"><img  decoding=\"async\" class=\"clients-grid-itemimg\" src=\"https:\/\/restiamouniti.it\/wp-content\/uploads\/2024\/09\/playlab.png\"><\/a> <\/div> <\/div>   <\/div> <\/div><\/div><div  data-label=\"Patrocinio\" data-id=\"clients-strip-section\" data-category=\"clients\" class=\"clients-strip-section\" id=\"patrocinio\" style=\"background-color: rgb(246, 246, 246); background-image: none;\" data-ovid=\"ovid-patrocinio-140\"> <div  class=\"row_187\" data-type=\"row\" data-add-content=\"false\"> <div  class=\"clients-strip-itemcol cp2cols\"> <div  class=\"middle_align1\"><a href=\"#\" target=\"_self\" rel=\"noopener\"><img  decoding=\"async\" class=\"clients-strip-itemimg\" src=\"https:\/\/restiamouniti.it\/wp-content\/uploads\/2024\/09\/CONI-Lombardia.png\"><\/a> <\/div> <\/div> <div  class=\"clients-strip-itemcol cp2cols\"> <div  class=\"middle_align1\"><a href=\"#\" target=\"_self\" rel=\"noopener\"><img  decoding=\"async\" class=\"clients-strip-itemimg\" src=\"https:\/\/restiamouniti.it\/wp-content\/uploads\/2024\/09\/Comune-Azzano-Mella.png\"><\/a> <\/div> <\/div> <div  class=\"clients-strip-itemcol cp2cols\"> <div  class=\"middle_align1\"><a  href=\"#\"><img  decoding=\"async\" class=\"clients-strip-itemimg\" src=\"https:\/\/restiamouniti.it\/wp-content\/uploads\/2024\/09\/Comune-Soncino.png\"><\/a> <\/div> <\/div> <div  class=\"clients-strip-itemcol cp2cols\"> <div  class=\"middle_align1\"><a  href=\"#\"><img  decoding=\"async\" class=\"clients-strip-itemimg\" src=\"https:\/\/restiamouniti.it\/wp-content\/uploads\/2024\/09\/Comune-Castegnato.png\"><\/a> <\/div> <\/div> <div  class=\"clients-strip-itemcol cp2cols\"> <div  class=\"middle_align1\"><a  href=\"#\"><img  decoding=\"async\" class=\"clients-strip-itemimg\" src=\"https:\/\/restiamouniti.it\/wp-content\/uploads\/2024\/09\/Comune-Rezzato.png\"><\/a> <\/div> <\/div> <div  class=\"clients-strip-itemcol cp2cols\"> <div  class=\"middle_align1\"><a  href=\"#\"><img  decoding=\"async\" class=\"clients-strip-itemimg\" src=\"https:\/\/restiamouniti.it\/wp-content\/uploads\/2024\/09\/confcommercio-nord-mi.png\"><\/a> <\/div> <\/div> <\/div><\/div><div  data-label=\"Cta\" data-id=\"cta-centered-section-grid\" data-category=\"cta\" class=\"cta-centered-section white-text cta-centered-section-grid\" id=\"cta-2\" style=\"background-image: none; background-color: rgb(0, 96, 137);\" data-ovid=\"ovid-cta-2-87\"> <div  class=\"\"> <div  class=\"row\"> <div  class=\"cta-centered-section-col dynamic-color\" data-type=\"column\"> <h3  class=\"cta-centered-section-tite\"><span  style=\"font-family: &quot;Playfair Display&quot;, arial, helvetica, sans-serif;\"> <span  class=\"span28\" href=\"#\"> Unisciti a noi! <\/span> Valorizzare il tuo contributo \u00e8 il nostro obiettivo e il nostro impegno.<\/span><\/h3> <p  class=\"cta-centered-section-text\"><span  style=\"font-family: &quot;Playfair Display&quot;, arial, helvetica, sans-serif;\"> Saremo lieti di condividere tutti i dettagli del progetto RESTIAMO UNITI, per offrirti l\u2019opportunit\u00e0 di dimostrare il tuo interesse nella sostenibilit\u00e0 sociale e nello sviluppo di una societ\u00e0 inclusiva.&nbsp;<\/span><span  id=\"_mce_caret\" data-mce-bogus=\"1\" data-mce-type=\"format-caret\"><span  style=\"font-family: &quot;Playfair Display&quot;, arial, helvetica, sans-serif;\">\ufeff<\/span><\/span><\/p> <a class=\"button big transparent white-text\" href=\"mailto:info@restiamouniti.it?subject=contatto\" target=\"_self\" data-icon=\"fa-envelope-o\" rel=\"noopener\"><span  class=\"button-icon fa fa-envelope-o\"><\/span> CONTATTACI ORA <\/a> <\/div> <\/div> <\/div> <\/div><div  data-label=\"Clients\" data-id=\"clients-strip-section-1\" data-category=\"clients\" class=\"clients-strip-section clients-strip-section-1\" id=\"clients-2\" style=\"background-color: rgb(255, 255, 255); background-image: none;\" data-ovid=\"ovid-clients-2-1156\"> <div  class=\"row_187\" data-type=\"row\" data-add-content=\"false\"> <div  class=\"clients-strip-itemcol cp3cols\"> <div  class=\"middle_align1\"><a href=\"https:\/\/www.3bee.com\" target=\"_blank\" rel=\"noopener\" class=\"\"><img  decoding=\"async\" class=\"clients-strip-itemimg\" src=\"https:\/\/restiamouniti.it\/wp-content\/uploads\/2024\/09\/3bee.png\"><\/a> <\/div> <\/div>      <div  class=\"clients-strip-itemcol cp3cols\"> <div  class=\"middle_align1\"><a href=\"https:\/\/www.a2-com.it\" target=\"_blank\" rel=\"noopener\" class=\"\"><img  decoding=\"async\" class=\"clients-strip-itemimg\" src=\"https:\/\/restiamouniti.it\/wp-content\/uploads\/2024\/10\/a2com.png\"><\/a> <\/div> <\/div><div  class=\"clients-strip-itemcol color6 cp3cols\"> <div  class=\"middle_align1\"><a href=\"https:\/\/www.aenoritalia.com\" target=\"_blank\" rel=\"noopener\" class=\"\"><img  decoding=\"async\" class=\"clients-strip-itemimg\" src=\"https:\/\/restiamouniti.it\/wp-content\/uploads\/2024\/09\/AENOR-scaled.jpg\"><\/a> <\/div> <\/div><div  class=\"clients-strip-itemcol cp3cols\"> <div  class=\"middle_align1\"><a href=\"https:\/\/www.andreadalena.it\" target=\"_blank\" rel=\"noopener\" class=\"\"><img  decoding=\"async\" class=\"clients-strip-itemimg\" src=\"https:\/\/restiamouniti.it\/wp-content\/uploads\/2024\/10\/AndreaDalena.png\"><\/a> <\/div> <\/div><div  class=\"clients-strip-itemcol cp3cols\"> <div  class=\"middle_align1\"><a href=\"https:\/\/www.angstromaudio.com\" target=\"_blank\" rel=\"noopener\" class=\"\"><img  decoding=\"async\" class=\"clients-strip-itemimg\" src=\"https:\/\/restiamouniti.it\/wp-content\/uploads\/2024\/09\/Angstrom.png\"><\/a> <\/div> <\/div><div  class=\"clients-strip-itemcol cp3cols\"> <div  class=\"middle_align1\"><a href=\"https:\/\/autotrasporticarpella.it\" target=\"_blank\" rel=\"noopener\" class=\"\"><img  decoding=\"async\" class=\"clients-strip-itemimg\" src=\"https:\/\/restiamouniti.it\/wp-content\/uploads\/2024\/09\/Carpella-autotrasporti.png\"><\/a> <\/div> <\/div><div  class=\"clients-strip-itemcol cp3cols\"> <div  class=\"middle_align1\"><a href=\"https:\/\/celestecima.it\" target=\"_blank\" rel=\"noopener\" class=\"\"><img  decoding=\"async\" class=\"clients-strip-itemimg\" src=\"https:\/\/restiamouniti.it\/wp-content\/uploads\/2024\/09\/Celeste-Cima.jpg\"><\/a> <\/div> <\/div><div  class=\"clients-strip-itemcol cp3cols\"> <div  class=\"middle_align1\"><a href=\"https:\/\/www.chinesicenter.it\" target=\"_blank\" rel=\"noopener\" class=\"\"><img  decoding=\"async\" class=\"clients-strip-itemimg\" src=\"https:\/\/restiamouniti.it\/wp-content\/uploads\/2024\/09\/Chinesi-Center.png\"><\/a> <\/div> <\/div><div  class=\"clients-strip-itemcol cp3cols\"> <div  class=\"middle_align1\"><a href=\"https:\/\/coverbi.it\" target=\"_blank\" rel=\"noopener\" class=\"\"><img  decoding=\"async\" class=\"clients-strip-itemimg\" src=\"https:\/\/restiamouniti.it\/wp-content\/uploads\/2024\/09\/Coverbi.png\"><\/a> <\/div> <\/div><div  class=\"clients-strip-itemcol cp3cols\"> <div  class=\"middle_align1\"><a href=\"https:\/\/www2.deloitte.com\" target=\"_blank\" rel=\"noopener\" class=\"\"><img  decoding=\"async\" class=\"clients-strip-itemimg\" src=\"https:\/\/restiamouniti.it\/wp-content\/uploads\/2024\/09\/DEL_PRI_RGB.png\"><\/a> <\/div> <\/div><div  class=\"clients-strip-itemcol cp3cols\"> <div  class=\"middle_align1\"><a href=\"https:\/\/www.energywave.it\" target=\"_blank\" rel=\"noopener\" class=\"\"><img  decoding=\"async\" class=\"clients-strip-itemimg\" src=\"https:\/\/restiamouniti.it\/wp-content\/uploads\/2024\/09\/Energy-Wave.jpg\"><\/a> <\/div> <\/div><div  class=\"clients-strip-itemcol cp3cols\"> <div  class=\"middle_align1\"><a href=\"https:\/\/www.farmaciaferraristore.it\" target=\"_blank\" rel=\"noopener\" class=\"\"><img  decoding=\"async\" class=\"clients-strip-itemimg\" src=\"https:\/\/restiamouniti.it\/wp-content\/uploads\/2024\/09\/Farmacia-Ferrari.png\"><\/a> <\/div> <\/div><div  class=\"clients-strip-itemcol cp3cols\"> <div  class=\"middle_align1\"><a href=\"https:\/\/www.getec-italia.com\" target=\"_blank\" rel=\"noopener\" class=\"\"><img  decoding=\"async\" class=\"clients-strip-itemimg\" src=\"https:\/\/restiamouniti.it\/wp-content\/uploads\/2024\/09\/Getec.png\"><\/a> <\/div> <\/div><div  class=\"clients-strip-itemcol cp3cols\"> <div  class=\"middle_align1\"><a href=\"https:\/\/www.gsverolese.it\" target=\"_blank\" rel=\"noopener\" class=\"\"><img  decoding=\"async\" class=\"clients-strip-itemimg\" src=\"https:\/\/restiamouniti.it\/wp-content\/uploads\/2024\/09\/GSV.png\"><\/a> <\/div> <\/div><div  class=\"clients-strip-itemcol cp3cols\"> <div  class=\"middle_align1\"><a href=\"https:\/\/www.hlifeprodotti.it\" target=\"_blank\" rel=\"noopener\" class=\"\"><img  decoding=\"async\" class=\"clients-strip-itemimg\" src=\"https:\/\/restiamouniti.it\/wp-content\/uploads\/2024\/09\/herbalife.png\"><\/a> <\/div> <\/div><div  class=\"clients-strip-itemcol cp3cols\"> <div  class=\"middle_align1\"><a href=\"https:\/\/www.licpackaging.com\" target=\"_blank\" rel=\"noopener\" class=\"\"><img  decoding=\"async\" class=\"clients-strip-itemimg\" src=\"https:\/\/restiamouniti.it\/wp-content\/uploads\/2024\/09\/LIC.png\"><\/a> <\/div> <\/div><div  class=\"clients-strip-itemcol cp3cols\"> <div  class=\"middle_align1\"><a href=\"https:\/\/lucesana.eu\" target=\"_blank\" rel=\"noopener\" class=\"\"><img  decoding=\"async\" class=\"clients-strip-itemimg\" src=\"https:\/\/restiamouniti.it\/wp-content\/uploads\/2024\/09\/lucesana.png\"><\/a> <\/div> <\/div><div  class=\"clients-strip-itemcol cp3cols\"> <div  class=\"middle_align1\"><a href=\"#\" target=\"_blank\" rel=\"noopener\"><img  decoding=\"async\" class=\"clients-strip-itemimg\" src=\"https:\/\/restiamouniti.it\/wp-content\/uploads\/2024\/09\/MALGHEROSSE.png\"><\/a> <\/div> <\/div><div  class=\"clients-strip-itemcol cp3cols\"> <div  class=\"middle_align1\"><a href=\"https:\/\/www.rossocorsa.it\" target=\"_blank\" rel=\"noopener\" class=\"\"><img  decoding=\"async\" class=\"clients-strip-itemimg\" src=\"https:\/\/restiamouniti.it\/wp-content\/uploads\/2024\/09\/Maserati-1.jpg\"><\/a> <\/div> <\/div><div  class=\"clients-strip-itemcol cp3cols\"> <div  class=\"middle_align1\"><a href=\"https:\/\/meceuropadue.com\" target=\"_blank\" rel=\"noopener\" class=\"\"><img  decoding=\"async\" class=\"clients-strip-itemimg\" src=\"https:\/\/restiamouniti.it\/wp-content\/uploads\/2024\/09\/MEC-EUROPA.png\"><\/a> <\/div> <\/div><div  class=\"clients-strip-itemcol cp3cols\"> <div  class=\"middle_align1\"><a href=\"https:\/\/www.niccolozaffarano.com\" target=\"_blank\" rel=\"noopener\" class=\"\"><img  decoding=\"async\" class=\"clients-strip-itemimg\" src=\"https:\/\/restiamouniti.it\/wp-content\/uploads\/2024\/09\/logo-niccolo-zaffara.png\"><\/a> <\/div> <\/div><div  class=\"clients-strip-itemcol cp3cols\"> <div  class=\"middle_align1\"><a href=\"https:\/\/promoball.it\" target=\"_blank\" rel=\"noopener\" class=\"\"><img  decoding=\"async\" class=\"clients-strip-itemimg\" src=\"https:\/\/restiamouniti.it\/wp-content\/uploads\/2024\/09\/Promoball.png\"><\/a> <\/div> <\/div><div  class=\"clients-strip-itemcol cp3cols\"> <div  class=\"middle_align1\"><a href=\"https:\/\/www.quinflex.net\" target=\"_blank\" rel=\"noopener\" class=\"\"><img  decoding=\"async\" class=\"clients-strip-itemimg\" src=\"https:\/\/restiamouniti.it\/wp-content\/uploads\/2024\/09\/Quinflex.png\"><\/a> <\/div> <\/div><div  class=\"clients-strip-itemcol cp3cols\"> <div  class=\"middle_align1\"><a href=\"https:\/\/rugbyrovato.com\" target=\"_blank\" rel=\"noopener\" class=\"\"><img  decoding=\"async\" class=\"clients-strip-itemimg\" src=\"https:\/\/restiamouniti.it\/wp-content\/uploads\/2024\/09\/Rugby_Rovato.png\"><\/a> <\/div> <\/div><div  class=\"clients-strip-itemcol cp3cols\"> <div  class=\"middle_align1\"><a href=\"https:\/\/soluzionilogistiche.it\" target=\"_blank\" rel=\"noopener\"><img  decoding=\"async\" class=\"clients-strip-itemimg\" src=\"https:\/\/restiamouniti.it\/wp-content\/uploads\/2024\/10\/soluzioni-logistiche.png\"><\/a> <\/div> <\/div><div  class=\"clients-strip-itemcol cp3cols\"> <div  class=\"middle_align1\"><a href=\"https:\/\/www.sarigraf.it\" target=\"_blank\" rel=\"noopener\" class=\"\"><img  decoding=\"async\" class=\"clients-strip-itemimg\" src=\"https:\/\/restiamouniti.it\/wp-content\/uploads\/2024\/09\/Sarigraf.png\"><\/a> <\/div> <\/div><div  class=\"clients-strip-itemcol cp3cols\"> <div  class=\"middle_align1\"><a href=\"https:\/\/sharksteam.it\" target=\"_blank\" rel=\"noopener\" class=\"\"><img  decoding=\"async\" class=\"clients-strip-itemimg\" src=\"https:\/\/restiamouniti.it\/wp-content\/uploads\/2024\/09\/Shark-Team.png\"><\/a> <\/div> <\/div><div  class=\"clients-strip-itemcol cp3cols\"> <div  class=\"middle_align1\"><a href=\"https:\/\/www.sicpa.it\" target=\"_blank\" rel=\"noopener\" class=\"\"><img  decoding=\"async\" class=\"clients-strip-itemimg\" src=\"https:\/\/restiamouniti.it\/wp-content\/uploads\/2024\/09\/sicpa.png\"><\/a> <\/div> <\/div><div  class=\"clients-strip-itemcol cp3cols\"> <div  class=\"middle_align1\"><a href=\"https:\/\/www.facebook.com\/StefanaBike?locale=it_IT\" target=\"_blank\" rel=\"noopener\" class=\"\"><img  decoding=\"async\" class=\"clients-strip-itemimg\" src=\"https:\/\/restiamouniti.it\/wp-content\/uploads\/2024\/09\/Stefana-Bike.png\"><\/a> <\/div> <\/div><div  class=\"clients-strip-itemcol cp3cols\"> <div  class=\"middle_align1\"><a href=\"https:\/\/www.technemetrologia.it\" target=\"_blank\" rel=\"noopener\" class=\"\"><img  decoding=\"async\" class=\"clients-strip-itemimg\" src=\"https:\/\/restiamouniti.it\/wp-content\/uploads\/2024\/09\/Techne.png\"><\/a> <\/div> <\/div><div  class=\"clients-strip-itemcol cp3cols\"> <div  class=\"middle_align1\"><a href=\"https:\/\/www.facebook.com\/vezzolirobertoevincenzo\" target=\"_blank\" rel=\"noopener\" class=\"\"><img  decoding=\"async\" class=\"clients-strip-itemimg\" src=\"https:\/\/restiamouniti.it\/wp-content\/uploads\/2024\/09\/Vezzoli_pig.png\"><\/a> <\/div> <\/div><div  class=\"clients-strip-itemcol cp3cols\"> <div  class=\"middle_align1\"><a href=\"https:\/\/www.zonin.com\" target=\"_blank\" rel=\"noopener\" class=\"\"><img  decoding=\"async\" class=\"clients-strip-itemimg\" src=\"https:\/\/restiamouniti.it\/wp-content\/uploads\/2024\/09\/Zonin.png\"><\/a> <\/div> <\/div><\/div><\/div>","protected":false},"excerpt":{"rendered":"<p>Restiamo Uniti \u00e8 il progetto di impegno sociale, che ha l\u2019ambizione di porsi come manifesto della sostenibilit\u00e0 per le aziende e per il territorio. \ufeff Meno social e pi\u00f9 sport Nelle scuole del territorio i brand ambassador olimpici a sostegno dell\u2019iniziativa \u201cMeno social e pi\u00f9 sport\u201d, che si pone l\u2019obiettivo di essere una campagna di&hellip; <br \/> <a class=\"button small blue\" href=\"https:\/\/restiamouniti.it\/?p=1\">Leggi tutto<\/a><\/p>\n","protected":false},"author":1,"featured_media":0,"parent":0,"menu_order":0,"comment_status":"closed","ping_status":"closed","template":"","meta":{"footnotes":""},"class_list":["post-9","page","type-page","status-publish","hentry"],"_links":{"self":[{"href":"https:\/\/restiamouniti.it\/index.php?rest_route=\/wp\/v2\/pages\/9","targetHints":{"allow":["GET"]}}],"collection":[{"href":"https:\/\/restiamouniti.it\/index.php?rest_route=\/wp\/v2\/pages"}],"about":[{"href":"https:\/\/restiamouniti.it\/index.php?rest_route=\/wp\/v2\/types\/page"}],"author":[{"embeddable":true,"href":"https:\/\/restiamouniti.it\/index.php?rest_route=\/wp\/v2\/users\/1"}],"replies":[{"embeddable":true,"href":"https:\/\/restiamouniti.it\/index.php?rest_route=%2Fwp%2Fv2%2Fcomments&post=9"}],"version-history":[{"count":43,"href":"https:\/\/restiamouniti.it\/index.php?rest_route=\/wp\/v2\/pages\/9\/revisions"}],"predecessor-version":[{"id":180,"href":"https:\/\/restiamouniti.it\/index.php?rest_route=\/wp\/v2\/pages\/9\/revisions\/180"}],"wp:attachment":[{"href":"https:\/\/restiamouniti.it\/index.php?rest_route=%2Fwp%2Fv2%2Fmedia&parent=9"}],"curies":[{"name":"wp","href":"https:\/\/api.w.org\/{rel}","templated":true}]}}